{"id":623,"date":"2021-04-20T22:23:08","date_gmt":"2021-04-20T20:23:08","guid":{"rendered":"https:\/\/nikamode.com\/?page_id=623"},"modified":"2021-05-01T11:07:17","modified_gmt":"2021-05-01T09:07:17","slug":"boutique","status":"publish","type":"page","link":"https:\/\/nikamode.com\/ar\/boutique\/","title":{"rendered":"Boutique"},"content":{"rendered":"<div data-elementor-type=\"wp-page\" data-elementor-id=\"623\" class=\"elementor elementor-623\" data-elementor-settings=\"[]\">\n\t\t\t\t\t\t<div class=\"elementor-inner\">\n\t\t\t\t\t\t\t<div class=\"elementor-section-wrap\">\n\t\t\t\t\t\t\t<section class=\"elementor-section elementor-top-section elementor-element elementor-element-225edca elementor-section-height-min-height elementor-section-boxed elementor-section-height-default elementor-section-items-middle\" data-id=\"225edca\" data-element_type=\"section\" data-settings=\"{&quot;background_background&quot;:&quot;classic&quot;,&quot;shape_divider_bottom&quot;:&quot;waves&quot;}\">\n\t\t\t\t\t<div class=\"elementor-shape elementor-shape-bottom\" data-negative=\"false\">\n\t\t\t<svg xmlns=\"http:\/\/www.w3.org\/2000\/svg\" viewbox=\"0 0 1000 100\" preserveaspectratio=\"none\">\n\t<path class=\"elementor-shape-fill\" d=\"M421.9,6.5c22.6-2.5,51.5,0.4,75.5,5.3c23.6,4.9,70.9,23.5,100.5,35.7c75.8,32.2,133.7,44.5,192.6,49.7\tc23.6,2.1,48.7,3.5,103.4-2.5c54.7-6,106.2-25.6,106.2-25.6V0H0v30.3c0,0,72,32.6,158.4,30.5c39.2-0.7,92.8-6.7,134-22.4\tc21.2-8.1,52.2-18.2,79.7-24.2C399.3,7.9,411.6,7.5,421.9,6.5z\"\/>\n<\/svg>\t\t<\/div>\n\t\t\t\t\t<div class=\"elementor-container elementor-column-gap-default\">\n\t\t\t\t\t\t\t<div class=\"elementor-row\">\n\t\t\t\t\t<div class=\"elementor-column elementor-col-100 elementor-top-column elementor-element elementor-element-df559f6\" data-id=\"df559f6\" data-element_type=\"column\">\n\t\t\t<div class=\"elementor-column-wrap elementor-element-populated\">\n\t\t\t\t\t\t\t<div class=\"elementor-widget-wrap\">\n\t\t\t\t\t\t<div class=\"elementor-element elementor-element-e6d67d3 elementor-widget elementor-widget-heading\" data-id=\"e6d67d3\" data-element_type=\"widget\" data-widget_type=\"heading.default\">\n\t\t\t\t<div class=\"elementor-widget-container\">\n\t\t\t<h1 class=\"elementor-heading-title elementor-size-default\">\u0628\u0648\u062a\u064a\u0643 \u0627\u0644\u0645\u0644\u0627\u0628\u0633 \u0627\u0644\u0631\u062c\u0627\u0644\u064a\u0629 \u0644\u062f\u064a\u0646\u0627<\/h1>\t\t<\/div>\n\t\t\t\t<\/div>\n\t\t\t\t\t\t<\/div>\n\t\t\t\t\t<\/div>\n\t\t<\/div>\n\t\t\t\t\t\t\t\t<\/div>\n\t\t\t\t\t<\/div>\n\t\t<\/section>\n\t\t\t\t<section class=\"elementor-section elementor-top-section elementor-element elementor-element-7800aed elementor-section-boxed elementor-section-height-default elementor-section-height-default\" data-id=\"7800aed\" data-element_type=\"section\">\n\t\t\t\t\t\t<div class=\"elementor-container elementor-column-gap-default\">\n\t\t\t\t\t\t\t<div class=\"elementor-row\">\n\t\t\t\t\t<div class=\"elementor-column elementor-col-100 elementor-top-column elementor-element elementor-element-88f2302\" data-id=\"88f2302\" data-element_type=\"column\">\n\t\t\t<div class=\"elementor-column-wrap elementor-element-populated\">\n\t\t\t\t\t\t\t<div class=\"elementor-widget-wrap\">\n\t\t\t\t\t\t<div class=\"elementor-element elementor-element-c1aaa29 elementor-widget elementor-widget-heading\" data-id=\"c1aaa29\" data-element_type=\"widget\" data-widget_type=\"heading.default\">\n\t\t\t\t<div class=\"elementor-widget-container\">\n\t\t\t<h1 class=\"elementor-heading-title elementor-size-default\">Menswear-Oase inmitten der City<\/h1>\t\t<\/div>\n\t\t\t\t<\/div>\n\t\t\t\t<div class=\"elementor-element elementor-element-8530998 elementor-widget elementor-widget-text-editor\" data-id=\"8530998\" data-element_type=\"widget\" data-widget_type=\"text-editor.default\">\n\t\t\t\t<div class=\"elementor-widget-container\">\n\t\t\t\t\t\t\t\t<div class=\"elementor-text-editor elementor-clearfix\">\n\t\t\t\t<p>Der Weg zu uns f\u00fchrt \u00fcber den luxori\u00f6sen Teil des Kurf\u00fcrstendamms. In exklusivem Ambiente beraten, inspirieren und befl\u00fcgeln Nika Jansen und ihr freundliches Team die Sinne mit feinster Herrenbekleidung und Accessoires nur von exklusiven Marken. Wir bieten eine Vielzahl von Gr\u00f6\u00dfen und Stilen an, von denen die meisten nirgendwo in Berlin zu finden sind.<\/p>\t\t\t\t\t<\/div>\n\t\t\t\t\t\t<\/div>\n\t\t\t\t<\/div>\n\t\t\t\t\t\t<\/div>\n\t\t\t\t\t<\/div>\n\t\t<\/div>\n\t\t\t\t\t\t\t\t<\/div>\n\t\t\t\t\t<\/div>\n\t\t<\/section>\n\t\t\t\t<section class=\"elementor-section elementor-top-section elementor-element elementor-element-fd7836e elementor-section-boxed elementor-section-height-default elementor-section-height-default\" data-id=\"fd7836e\" data-element_type=\"section\">\n\t\t\t\t\t\t<div class=\"elementor-container elementor-column-gap-default\">\n\t\t\t\t\t\t\t<div class=\"elementor-row\">\n\t\t\t\t\t<div class=\"elementor-column elementor-col-100 elementor-top-column elementor-element elementor-element-d9f6b61\" data-id=\"d9f6b61\" data-element_type=\"column\">\n\t\t\t<div class=\"elementor-column-wrap elementor-element-populated\">\n\t\t\t\t\t\t\t<div class=\"elementor-widget-wrap\">\n\t\t\t\t\t\t<div class=\"elementor-element elementor-element-59d2ada elementor-widget elementor-widget-image\" data-id=\"59d2ada\" data-element_type=\"widget\" data-widget_type=\"image.default\">\n\t\t\t\t<div class=\"elementor-widget-container\">\n\t\t\t\t\t\t\t\t<div class=\"elementor-image\">\n\t\t\t\t\t\t\t\t\t\t\t\t<img width=\"1920\" height=\"1110\" src=\"https:\/\/nikamode.com\/wp-content\/uploads\/2020\/02\/header.jpg\" class=\"attachment-full size-full\" alt=\"\" loading=\"lazy\" \/>\t\t\t\t\t\t\t\t\t\t\t\t\t\t<\/div>\n\t\t\t\t\t\t<\/div>\n\t\t\t\t<\/div>\n\t\t\t\t\t\t<\/div>\n\t\t\t\t\t<\/div>\n\t\t<\/div>\n\t\t\t\t\t\t\t\t<\/div>\n\t\t\t\t\t<\/div>\n\t\t<\/section>\n\t\t\t\t<section class=\"elementor-section elementor-top-section elementor-element elementor-element-c8893c7 elementor-section-boxed elementor-section-height-default elementor-section-height-default\" data-id=\"c8893c7\" data-element_type=\"section\">\n\t\t\t\t\t\t<div class=\"elementor-container elementor-column-gap-default\">\n\t\t\t\t\t\t\t<div class=\"elementor-row\">\n\t\t\t\t\t<div class=\"elementor-column elementor-col-50 elementor-top-column elementor-element elementor-element-81a0dfa\" data-id=\"81a0dfa\" data-element_type=\"column\">\n\t\t\t<div class=\"elementor-column-wrap elementor-element-populated\">\n\t\t\t\t\t\t\t<div class=\"elementor-widget-wrap\">\n\t\t\t\t\t\t<div class=\"elementor-element elementor-element-a5a2ce3 elementor-widget elementor-widget-image\" data-id=\"a5a2ce3\" data-element_type=\"widget\" data-widget_type=\"image.default\">\n\t\t\t\t<div class=\"elementor-widget-container\">\n\t\t\t\t\t\t\t\t<div class=\"elementor-image\">\n\t\t\t\t\t\t\t\t\t\t\t\t<img width=\"1368\" height=\"912\" src=\"https:\/\/nikamode.com\/wp-content\/uploads\/2021\/04\/Welcome-Interiors-commercial-interiors_2.jpg\" class=\"attachment-full size-full\" alt=\"\" loading=\"lazy\" srcset=\"https:\/\/nikamode.com\/wp-content\/uploads\/2021\/04\/Welcome-Interiors-commercial-interiors_2.jpg 1368w, https:\/\/nikamode.com\/wp-content\/uploads\/2021\/04\/Welcome-Interiors-commercial-interiors_2-300x200.jpg 300w, https:\/\/nikamode.com\/wp-content\/uploads\/2021\/04\/Welcome-Interiors-commercial-interiors_2-1024x683.jpg 1024w, https:\/\/nikamode.com\/wp-content\/uploads\/2021\/04\/Welcome-Interiors-commercial-interiors_2-768x512.jpg 768w, https:\/\/nikamode.com\/wp-content\/uploads\/2021\/04\/Welcome-Interiors-commercial-interiors_2-16x12.jpg 16w\" sizes=\"(max-width: 1368px) 100vw, 1368px\" \/>\t\t\t\t\t\t\t\t\t\t\t\t\t\t<\/div>\n\t\t\t\t\t\t<\/div>\n\t\t\t\t<\/div>\n\t\t\t\t\t\t<\/div>\n\t\t\t\t\t<\/div>\n\t\t<\/div>\n\t\t\t\t<div class=\"elementor-column elementor-col-50 elementor-top-column elementor-element elementor-element-f40e01d\" data-id=\"f40e01d\" data-element_type=\"column\">\n\t\t\t<div class=\"elementor-column-wrap elementor-element-populated\">\n\t\t\t\t\t\t\t<div class=\"elementor-widget-wrap\">\n\t\t\t\t\t\t<div class=\"elementor-element elementor-element-1b3e669 elementor-widget elementor-widget-image\" data-id=\"1b3e669\" data-element_type=\"widget\" data-widget_type=\"image.default\">\n\t\t\t\t<div class=\"elementor-widget-container\">\n\t\t\t\t\t\t\t\t<div class=\"elementor-image\">\n\t\t\t\t\t\t\t\t\t\t\t\t<img width=\"1368\" height=\"912\" src=\"https:\/\/nikamode.com\/wp-content\/uploads\/2021\/04\/Welcome-Interiors-commercial-interiors_6.jpg\" class=\"attachment-full size-full\" alt=\"\" loading=\"lazy\" srcset=\"https:\/\/nikamode.com\/wp-content\/uploads\/2021\/04\/Welcome-Interiors-commercial-interiors_6.jpg 1368w, https:\/\/nikamode.com\/wp-content\/uploads\/2021\/04\/Welcome-Interiors-commercial-interiors_6-300x200.jpg 300w, https:\/\/nikamode.com\/wp-content\/uploads\/2021\/04\/Welcome-Interiors-commercial-interiors_6-1024x683.jpg 1024w, https:\/\/nikamode.com\/wp-content\/uploads\/2021\/04\/Welcome-Interiors-commercial-interiors_6-768x512.jpg 768w, https:\/\/nikamode.com\/wp-content\/uploads\/2021\/04\/Welcome-Interiors-commercial-interiors_6-16x12.jpg 16w\" sizes=\"(max-width: 1368px) 100vw, 1368px\" \/>\t\t\t\t\t\t\t\t\t\t\t\t\t\t<\/div>\n\t\t\t\t\t\t<\/div>\n\t\t\t\t<\/div>\n\t\t\t\t\t\t<\/div>\n\t\t\t\t\t<\/div>\n\t\t<\/div>\n\t\t\t\t\t\t\t\t<\/div>\n\t\t\t\t\t<\/div>\n\t\t<\/section>\n\t\t\t\t<section class=\"elementor-section elementor-top-section elementor-element elementor-element-74b3229 elementor-section-boxed elementor-section-height-default elementor-section-height-default\" data-id=\"74b3229\" data-element_type=\"section\">\n\t\t\t\t\t\t<div class=\"elementor-container elementor-column-gap-default\">\n\t\t\t\t\t\t\t<div class=\"elementor-row\">\n\t\t\t\t\t<div class=\"elementor-column elementor-col-33 elementor-top-column elementor-element elementor-element-b4ce6ae\" data-id=\"b4ce6ae\" data-element_type=\"column\">\n\t\t\t<div class=\"elementor-column-wrap elementor-element-populated\">\n\t\t\t\t\t\t\t<div class=\"elementor-widget-wrap\">\n\t\t\t\t\t\t<div class=\"elementor-element elementor-element-3d649f5 elementor-widget elementor-widget-image\" data-id=\"3d649f5\" data-element_type=\"widget\" data-widget_type=\"image.default\">\n\t\t\t\t<div class=\"elementor-widget-container\">\n\t\t\t\t\t\t\t\t<div class=\"elementor-image\">\n\t\t\t\t\t\t\t\t\t\t\t\t<img width=\"1368\" height=\"912\" src=\"https:\/\/nikamode.com\/wp-content\/uploads\/2021\/04\/Welcome-Interiors-commercial-interiors_9.jpg\" class=\"attachment-full size-full\" alt=\"\" loading=\"lazy\" srcset=\"https:\/\/nikamode.com\/wp-content\/uploads\/2021\/04\/Welcome-Interiors-commercial-interiors_9.jpg 1368w, https:\/\/nikamode.com\/wp-content\/uploads\/2021\/04\/Welcome-Interiors-commercial-interiors_9-300x200.jpg 300w, https:\/\/nikamode.com\/wp-content\/uploads\/2021\/04\/Welcome-Interiors-commercial-interiors_9-1024x683.jpg 1024w, https:\/\/nikamode.com\/wp-content\/uploads\/2021\/04\/Welcome-Interiors-commercial-interiors_9-768x512.jpg 768w, https:\/\/nikamode.com\/wp-content\/uploads\/2021\/04\/Welcome-Interiors-commercial-interiors_9-16x12.jpg 16w\" sizes=\"(max-width: 1368px) 100vw, 1368px\" \/>\t\t\t\t\t\t\t\t\t\t\t\t\t\t<\/div>\n\t\t\t\t\t\t<\/div>\n\t\t\t\t<\/div>\n\t\t\t\t\t\t<\/div>\n\t\t\t\t\t<\/div>\n\t\t<\/div>\n\t\t\t\t<div class=\"elementor-column elementor-col-33 elementor-top-column elementor-element elementor-element-4360001\" data-id=\"4360001\" data-element_type=\"column\">\n\t\t\t<div class=\"elementor-column-wrap elementor-element-populated\">\n\t\t\t\t\t\t\t<div class=\"elementor-widget-wrap\">\n\t\t\t\t\t\t<div class=\"elementor-element elementor-element-865bb68 elementor-widget elementor-widget-image\" data-id=\"865bb68\" data-element_type=\"widget\" data-widget_type=\"image.default\">\n\t\t\t\t<div class=\"elementor-widget-container\">\n\t\t\t\t\t\t\t\t<div class=\"elementor-image\">\n\t\t\t\t\t\t\t\t\t\t\t\t<img width=\"1368\" height=\"912\" src=\"https:\/\/nikamode.com\/wp-content\/uploads\/2021\/04\/Welcome-Interiors-commercial-interiors_7.jpg\" class=\"attachment-full size-full\" alt=\"\" loading=\"lazy\" srcset=\"https:\/\/nikamode.com\/wp-content\/uploads\/2021\/04\/Welcome-Interiors-commercial-interiors_7.jpg 1368w, https:\/\/nikamode.com\/wp-content\/uploads\/2021\/04\/Welcome-Interiors-commercial-interiors_7-300x200.jpg 300w, https:\/\/nikamode.com\/wp-content\/uploads\/2021\/04\/Welcome-Interiors-commercial-interiors_7-1024x683.jpg 1024w, https:\/\/nikamode.com\/wp-content\/uploads\/2021\/04\/Welcome-Interiors-commercial-interiors_7-768x512.jpg 768w, https:\/\/nikamode.com\/wp-content\/uploads\/2021\/04\/Welcome-Interiors-commercial-interiors_7-16x12.jpg 16w\" sizes=\"(max-width: 1368px) 100vw, 1368px\" \/>\t\t\t\t\t\t\t\t\t\t\t\t\t\t<\/div>\n\t\t\t\t\t\t<\/div>\n\t\t\t\t<\/div>\n\t\t\t\t\t\t<\/div>\n\t\t\t\t\t<\/div>\n\t\t<\/div>\n\t\t\t\t<div class=\"elementor-column elementor-col-33 elementor-top-column elementor-element elementor-element-5ba0822\" data-id=\"5ba0822\" data-element_type=\"column\">\n\t\t\t<div class=\"elementor-column-wrap elementor-element-populated\">\n\t\t\t\t\t\t\t<div class=\"elementor-widget-wrap\">\n\t\t\t\t\t\t<div class=\"elementor-element elementor-element-7f31882 elementor-widget elementor-widget-image\" data-id=\"7f31882\" data-element_type=\"widget\" data-widget_type=\"image.default\">\n\t\t\t\t<div class=\"elementor-widget-container\">\n\t\t\t\t\t\t\t\t<div class=\"elementor-image\">\n\t\t\t\t\t\t\t\t\t\t\t\t<img width=\"1368\" height=\"912\" src=\"https:\/\/nikamode.com\/wp-content\/uploads\/2021\/04\/Welcome-Interiors-commercial-interiors_1.jpg\" class=\"attachment-full size-full\" alt=\"\" loading=\"lazy\" srcset=\"https:\/\/nikamode.com\/wp-content\/uploads\/2021\/04\/Welcome-Interiors-commercial-interiors_1.jpg 1368w, https:\/\/nikamode.com\/wp-content\/uploads\/2021\/04\/Welcome-Interiors-commercial-interiors_1-300x200.jpg 300w, https:\/\/nikamode.com\/wp-content\/uploads\/2021\/04\/Welcome-Interiors-commercial-interiors_1-1024x683.jpg 1024w, https:\/\/nikamode.com\/wp-content\/uploads\/2021\/04\/Welcome-Interiors-commercial-interiors_1-768x512.jpg 768w, https:\/\/nikamode.com\/wp-content\/uploads\/2021\/04\/Welcome-Interiors-commercial-interiors_1-16x12.jpg 16w\" sizes=\"(max-width: 1368px) 100vw, 1368px\" \/>\t\t\t\t\t\t\t\t\t\t\t\t\t\t<\/div>\n\t\t\t\t\t\t<\/div>\n\t\t\t\t<\/div>\n\t\t\t\t\t\t<\/div>\n\t\t\t\t\t<\/div>\n\t\t<\/div>\n\t\t\t\t\t\t\t\t<\/div>\n\t\t\t\t\t<\/div>\n\t\t<\/section>\n\t\t\t\t<section class=\"elementor-section elementor-top-section elementor-element elementor-element-ae8b6a5 elementor-section-boxed elementor-section-height-default elementor-section-height-default\" data-id=\"ae8b6a5\" data-element_type=\"section\">\n\t\t\t\t\t\t<div class=\"elementor-container elementor-column-gap-default\">\n\t\t\t\t\t\t\t<div class=\"elementor-row\">\n\t\t\t\t\t<div class=\"elementor-column elementor-col-100 elementor-top-column elementor-element elementor-element-d1d364f\" data-id=\"d1d364f\" data-element_type=\"column\">\n\t\t\t<div class=\"elementor-column-wrap elementor-element-populated\">\n\t\t\t\t\t\t\t<div class=\"elementor-widget-wrap\">\n\t\t\t\t\t\t<div class=\"elementor-element elementor-element-791c315 elementor-widget elementor-widget-heading\" data-id=\"791c315\" data-element_type=\"widget\" data-widget_type=\"heading.default\">\n\t\t\t\t<div class=\"elementor-widget-container\">\n\t\t\t<h1 class=\"elementor-heading-title elementor-size-default\">Direkt am Kurf\u00fcrstendamm<\/h1>\t\t<\/div>\n\t\t\t\t<\/div>\n\t\t\t\t<div class=\"elementor-element elementor-element-3503cf5 elementor-widget elementor-widget-text-editor\" data-id=\"3503cf5\" data-element_type=\"widget\" data-widget_type=\"text-editor.default\">\n\t\t\t\t<div class=\"elementor-widget-container\">\n\t\t\t\t\t\t\t\t<div class=\"elementor-text-editor elementor-clearfix\">\n\t\t\t\t<p>Seit dem August 2020 finden Sie unsere neue Boutique am Kurf\u00fcrstendamm 48\/49. Mit etwas mehr Platz und prominenter Lage freuen wir uns darauf, Sie auch in unserem neuen Gesch\u00e4ft zu begr\u00fc\u00dfen.<\/p>\t\t\t\t\t<\/div>\n\t\t\t\t\t\t<\/div>\n\t\t\t\t<\/div>\n\t\t\t\t\t\t<\/div>\n\t\t\t\t\t<\/div>\n\t\t<\/div>\n\t\t\t\t\t\t\t\t<\/div>\n\t\t\t\t\t<\/div>\n\t\t<\/section>\n\t\t\t\t<section class=\"elementor-section elementor-top-section elementor-element elementor-element-cf2cd8a elementor-section-boxed elementor-section-height-default elementor-section-height-default\" data-id=\"cf2cd8a\" data-element_type=\"section\">\n\t\t\t\t\t\t<div class=\"elementor-container elementor-column-gap-default\">\n\t\t\t\t\t\t\t<div class=\"elementor-row\">\n\t\t\t\t\t<div class=\"elementor-column elementor-col-100 elementor-top-column elementor-element elementor-element-5e60640\" data-id=\"5e60640\" data-element_type=\"column\">\n\t\t\t<div class=\"elementor-column-wrap elementor-element-populated\">\n\t\t\t\t\t\t\t<div class=\"elementor-widget-wrap\">\n\t\t\t\t\t\t<div class=\"elementor-element elementor-element-4959bfd elementor-widget elementor-widget-google_maps\" data-id=\"4959bfd\" data-element_type=\"widget\" data-widget_type=\"google_maps.default\">\n\t\t\t\t<div class=\"elementor-widget-container\">\n\t\t\t\t\t<div class=\"elementor-custom-embed\">\n\t\t\t<iframe frameborder=\"0\" scrolling=\"no\" marginheight=\"0\" marginwidth=\"0\"\n\t\t\t\t\tsrc=\"https:\/\/maps.google.com\/maps?q=nika%20luxury%20fashion&#038;t=m&#038;z=14&#038;output=embed&#038;iwloc=near\"\n\t\t\t\t\ttitle=\"nika luxury fashion\"\n\t\t\t\t\taria-label=\"nika luxury fashion\"\n\t\t\t><\/iframe>\n\t\t<\/div>\n\t\t\t\t<\/div>\n\t\t\t\t<\/div>\n\t\t\t\t\t\t<\/div>\n\t\t\t\t\t<\/div>\n\t\t<\/div>\n\t\t\t\t\t\t\t\t<\/div>\n\t\t\t\t\t<\/div>\n\t\t<\/section>\n\t\t\t\t<section class=\"elementor-section elementor-top-section elementor-element elementor-element-636c1e8 elementor-section-boxed elementor-section-height-default elementor-section-height-default\" data-id=\"636c1e8\" data-element_type=\"section\">\n\t\t\t\t\t\t<div class=\"elementor-container elementor-column-gap-default\">\n\t\t\t\t\t\t\t<div class=\"elementor-row\">\n\t\t\t\t\t<div class=\"elementor-column elementor-col-100 elementor-top-column elementor-element elementor-element-1bc86b3\" data-id=\"1bc86b3\" data-element_type=\"column\">\n\t\t\t<div class=\"elementor-column-wrap elementor-element-populated\">\n\t\t\t\t\t\t\t<div class=\"elementor-widget-wrap\">\n\t\t\t\t\t\t<div class=\"elementor-element elementor-element-83e8c36 elementor-widget elementor-widget-heading\" data-id=\"83e8c36\" data-element_type=\"widget\" data-widget_type=\"heading.default\">\n\t\t\t\t<div class=\"elementor-widget-container\">\n\t\t\t<h1 class=\"elementor-heading-title elementor-size-default\">5-Sterne Service<\/h1>\t\t<\/div>\n\t\t\t\t<\/div>\n\t\t\t\t<div class=\"elementor-element elementor-element-475ca48 elementor-widget elementor-widget-text-editor\" data-id=\"475ca48\" data-element_type=\"widget\" data-widget_type=\"text-editor.default\">\n\t\t\t\t<div class=\"elementor-widget-container\">\n\t\t\t\t\t\t\t\t<div class=\"elementor-text-editor elementor-clearfix\">\n\t\t\t\t<p>Der Standort am Kurf\u00fcrstendamm hat viele Vorteile. Unsere Boutique am Kurf\u00fcrstendamm 48\/49 bietet direkte Parkpl\u00e4tze vor der T\u00fcr und einen kurzen Weg in das Gesch\u00e4ft.<\/p>\t\t\t\t\t<\/div>\n\t\t\t\t\t\t<\/div>\n\t\t\t\t<\/div>\n\t\t\t\t\t\t<\/div>\n\t\t\t\t\t<\/div>\n\t\t<\/div>\n\t\t\t\t\t\t\t\t<\/div>\n\t\t\t\t\t<\/div>\n\t\t<\/section>\n\t\t\t\t<section class=\"elementor-section elementor-top-section elementor-element elementor-element-b6b5298 elementor-section-boxed elementor-section-height-default elementor-section-height-default\" data-id=\"b6b5298\" data-element_type=\"section\">\n\t\t\t\t\t\t<div class=\"elementor-container elementor-column-gap-default\">\n\t\t\t\t\t\t\t<div class=\"elementor-row\">\n\t\t\t\t\t<div class=\"elementor-column elementor-col-50 elementor-top-column elementor-element elementor-element-f611c9e\" data-id=\"f611c9e\" data-element_type=\"column\">\n\t\t\t<div class=\"elementor-column-wrap elementor-element-populated\">\n\t\t\t\t\t\t\t<div class=\"elementor-widget-wrap\">\n\t\t\t\t\t\t<div class=\"elementor-element elementor-element-9e7479c elementor-widget elementor-widget-image\" data-id=\"9e7479c\" data-element_type=\"widget\" data-widget_type=\"image.default\">\n\t\t\t\t<div class=\"elementor-widget-container\">\n\t\t\t\t\t\t\t\t<div class=\"elementor-image\">\n\t\t\t\t\t\t\t\t\t\t\t\t<img width=\"960\" height=\"960\" src=\"https:\/\/nikamode.com\/wp-content\/uploads\/2020\/02\/adlon-store.jpg\" class=\"attachment-full size-full\" alt=\"\" loading=\"lazy\" \/>\t\t\t\t\t\t\t\t\t\t\t\t\t\t<\/div>\n\t\t\t\t\t\t<\/div>\n\t\t\t\t<\/div>\n\t\t\t\t\t\t<\/div>\n\t\t\t\t\t<\/div>\n\t\t<\/div>\n\t\t\t\t<div class=\"elementor-column elementor-col-50 elementor-top-column elementor-element elementor-element-cf32f5b\" data-id=\"cf32f5b\" data-element_type=\"column\">\n\t\t\t<div class=\"elementor-column-wrap elementor-element-populated\">\n\t\t\t\t\t\t\t<div class=\"elementor-widget-wrap\">\n\t\t\t\t\t\t<div class=\"elementor-element elementor-element-26e0080 elementor-widget elementor-widget-image\" data-id=\"26e0080\" data-element_type=\"widget\" data-widget_type=\"image.default\">\n\t\t\t\t<div class=\"elementor-widget-container\">\n\t\t\t\t\t\t\t\t<div class=\"elementor-image\">\n\t\t\t\t\t\t\t\t\t\t\t\t<img width=\"960\" height=\"960\" src=\"https:\/\/nikamode.com\/wp-content\/uploads\/2020\/02\/produkte.jpg\" class=\"attachment-full size-full\" alt=\"\" loading=\"lazy\" \/>\t\t\t\t\t\t\t\t\t\t\t\t\t\t<\/div>\n\t\t\t\t\t\t<\/div>\n\t\t\t\t<\/div>\n\t\t\t\t\t\t<\/div>\n\t\t\t\t\t<\/div>\n\t\t<\/div>\n\t\t\t\t\t\t\t\t<\/div>\n\t\t\t\t\t<\/div>\n\t\t<\/section>\n\t\t\t\t<section class=\"elementor-section elementor-top-section elementor-element elementor-element-3c969a9 elementor-section-boxed elementor-section-height-default elementor-section-height-default\" data-id=\"3c969a9\" data-element_type=\"section\">\n\t\t\t\t\t\t<div class=\"elementor-container elementor-column-gap-default\">\n\t\t\t\t\t\t\t<div class=\"elementor-row\">\n\t\t\t\t\t<div class=\"elementor-column elementor-col-50 elementor-top-column elementor-element elementor-element-cef5e56\" data-id=\"cef5e56\" data-element_type=\"column\">\n\t\t\t<div class=\"elementor-column-wrap elementor-element-populated\">\n\t\t\t\t\t\t\t<div class=\"elementor-widget-wrap\">\n\t\t\t\t\t\t<div class=\"elementor-element elementor-element-31f7c87 elementor-widget-divider--view-line elementor-widget elementor-widget-divider\" data-id=\"31f7c87\" data-element_type=\"widget\" data-widget_type=\"divider.default\">\n\t\t\t\t<div class=\"elementor-widget-container\">\n\t\t\t\t\t<div class=\"elementor-divider\">\n\t\t\t<span class=\"elementor-divider-separator\">\n\t\t\t\t\t\t<\/span>\n\t\t<\/div>\n\t\t\t\t<\/div>\n\t\t\t\t<\/div>\n\t\t\t\t<div class=\"elementor-element elementor-element-9efef17 elementor-view-default elementor-vertical-align-top elementor-widget elementor-widget-icon-box\" data-id=\"9efef17\" data-element_type=\"widget\" data-widget_type=\"icon-box.default\">\n\t\t\t\t<div class=\"elementor-widget-container\">\n\t\t\t\t\t<div class=\"elementor-icon-box-wrapper\">\n\t\t\t\t\t\t<div class=\"elementor-icon-box-content\">\n\t\t\t\t<h4 class=\"elementor-icon-box-title\">\n\t\t\t\t\t<span  >\n\t\t\t\t\t\tAktuelle Kollektionen\t\t\t\t\t<\/span>\n\t\t\t\t<\/h4>\n\t\t\t\t\t\t\t\t\t<p class=\"elementor-icon-box-description\">\n\t\t\t\t\t\tMenswear-Trends, die Ihnen in den angesagten Modemagazinen in Auge springen, haben wir mit gro\u00dfer Sicherheit am Lager. Wir f\u00fchren stets die beliebtesten Serien der exklusiven Marken-Kollektionen. Nat\u00fcrlich sind auch die Klassiker eine St\u00e4rke unseres Sortiments.\u200b\t\t\t\t\t<\/p>\n\t\t\t\t\t\t\t<\/div>\n\t\t<\/div>\n\t\t\t\t<\/div>\n\t\t\t\t<\/div>\n\t\t\t\t\t\t<\/div>\n\t\t\t\t\t<\/div>\n\t\t<\/div>\n\t\t\t\t<div class=\"elementor-column elementor-col-50 elementor-top-column elementor-element elementor-element-e6d1b59\" data-id=\"e6d1b59\" data-element_type=\"column\">\n\t\t\t<div class=\"elementor-column-wrap elementor-element-populated\">\n\t\t\t\t\t\t\t<div class=\"elementor-widget-wrap\">\n\t\t\t\t\t\t<div class=\"elementor-element elementor-element-f116c63 elementor-widget-divider--view-line elementor-widget elementor-widget-divider\" data-id=\"f116c63\" data-element_type=\"widget\" data-widget_type=\"divider.default\">\n\t\t\t\t<div class=\"elementor-widget-container\">\n\t\t\t\t\t<div class=\"elementor-divider\">\n\t\t\t<span class=\"elementor-divider-separator\">\n\t\t\t\t\t\t<\/span>\n\t\t<\/div>\n\t\t\t\t<\/div>\n\t\t\t\t<\/div>\n\t\t\t\t<div class=\"elementor-element elementor-element-e7b82b4 elementor-view-default elementor-vertical-align-top elementor-widget elementor-widget-icon-box\" data-id=\"e7b82b4\" data-element_type=\"widget\" data-widget_type=\"icon-box.default\">\n\t\t\t\t<div class=\"elementor-widget-container\">\n\t\t\t\t\t<div class=\"elementor-icon-box-wrapper\">\n\t\t\t\t\t\t<div class=\"elementor-icon-box-content\">\n\t\t\t\t<h4 class=\"elementor-icon-box-title\">\n\t\t\t\t\t<span  >\n\t\t\t\t\t\tNahezu alle Gr\u00f6\u00dfen\t\t\t\t\t<\/span>\n\t\t\t\t<\/h4>\n\t\t\t\t\t\t\t\t\t<p class=\"elementor-icon-box-description\">\n\t\t\t\t\t\tDas Geheimnis au\u00dfergew\u00f6hnlicher Menswear ist ihr perfekter Sitz. Sie k\u00f6nnen sich sicher sein, Ihre Lieblingsst\u00fccke bei uns in Ihrer Gr\u00f6\u00dfe zu finden. Dazu haben wir ein enormes Spektrum auch bis zu gro\u00dfen Gr\u00f6\u00dfen bei nahezu allen unseren Kollektionen am Lager.<br>\t\t\t\t\t<\/p>\n\t\t\t\t\t\t\t<\/div>\n\t\t<\/div>\n\t\t\t\t<\/div>\n\t\t\t\t<\/div>\n\t\t\t\t\t\t<\/div>\n\t\t\t\t\t<\/div>\n\t\t<\/div>\n\t\t\t\t\t\t\t\t<\/div>\n\t\t\t\t\t<\/div>\n\t\t<\/section>\n\t\t\t\t\t\t<\/div>\n\t\t\t\t\t\t<\/div>\n\t\t\t\t\t<\/div>","protected":false},"excerpt":{"rendered":"<p>Unsere Menswear Boutique Menswear-Oase inmitten der City Der Weg zu uns f\u00fchrt \u00fcber den luxori\u00f6sen Teil des Kurf\u00fcrstendamms. In exklusivem Ambiente beraten, inspirieren und befl\u00fcgeln Nika Jansen und ihr freundliches Team die Sinne mit feinster Herrenbekleidung und Accessoires nur von exklusiven Marken. Wir bieten eine Vielzahl von Gr\u00f6\u00dfen und Stilen an, von denen die meisten [&hellip;]<\/p>","protected":false},"author":3,"featured_media":0,"parent":0,"menu_order":0,"comment_status":"closed","ping_status":"closed","template":"elementor_header_footer","meta":[],"_links":{"self":[{"href":"https:\/\/nikamode.com\/ar\/wp-json\/wp\/v2\/pages\/623"}],"collection":[{"href":"https:\/\/nikamode.com\/ar\/wp-json\/wp\/v2\/pages"}],"about":[{"href":"https:\/\/nikamode.com\/ar\/wp-json\/wp\/v2\/types\/page"}],"author":[{"embeddable":true,"href":"https:\/\/nikamode.com\/ar\/wp-json\/wp\/v2\/users\/3"}],"replies":[{"embeddable":true,"href":"https:\/\/nikamode.com\/ar\/wp-json\/wp\/v2\/comments?post=623"}],"version-history":[{"count":29,"href":"https:\/\/nikamode.com\/ar\/wp-json\/wp\/v2\/pages\/623\/revisions"}],"predecessor-version":[{"id":788,"href":"https:\/\/nikamode.com\/ar\/wp-json\/wp\/v2\/pages\/623\/revisions\/788"}],"wp:attachment":[{"href":"https:\/\/nikamode.com\/ar\/wp-json\/wp\/v2\/media?parent=623"}],"curies":[{"name":"wp","href":"https:\/\/api.w.org\/{rel}","templated":true}]}}