{"id":717,"date":"2021-04-25T14:36:13","date_gmt":"2021-04-25T12:36:13","guid":{"rendered":"https:\/\/nikamode.com\/?page_id=717"},"modified":"2021-05-01T10:31:04","modified_gmt":"2021-05-01T08:31:04","slug":"impressum","status":"publish","type":"page","link":"https:\/\/nikamode.com\/ru\/impressum\/","title":{"rendered":"Impressum"},"content":{"rendered":"<div data-elementor-type=\"wp-page\" data-elementor-id=\"717\" class=\"elementor elementor-717\" data-elementor-settings=\"[]\">\n\t\t\t\t\t\t<div class=\"elementor-inner\">\n\t\t\t\t\t\t\t<div class=\"elementor-section-wrap\">\n\t\t\t\t\t\t\t<section class=\"elementor-section elementor-top-section elementor-element elementor-element-f2123fc elementor-section-height-min-height elementor-section-boxed elementor-section-height-default elementor-section-items-middle\" data-id=\"f2123fc\" data-element_type=\"section\" data-settings=\"{&quot;background_background&quot;:&quot;classic&quot;,&quot;shape_divider_bottom&quot;:&quot;waves&quot;}\">\n\t\t\t\t\t<div class=\"elementor-shape elementor-shape-bottom\" data-negative=\"false\">\n\t\t\t<svg xmlns=\"http:\/\/www.w3.org\/2000\/svg\" viewbox=\"0 0 1000 100\" preserveaspectratio=\"none\">\n\t<path class=\"elementor-shape-fill\" d=\"M421.9,6.5c22.6-2.5,51.5,0.4,75.5,5.3c23.6,4.9,70.9,23.5,100.5,35.7c75.8,32.2,133.7,44.5,192.6,49.7\tc23.6,2.1,48.7,3.5,103.4-2.5c54.7-6,106.2-25.6,106.2-25.6V0H0v30.3c0,0,72,32.6,158.4,30.5c39.2-0.7,92.8-6.7,134-22.4\tc21.2-8.1,52.2-18.2,79.7-24.2C399.3,7.9,411.6,7.5,421.9,6.5z\"\/>\n<\/svg>\t\t<\/div>\n\t\t\t\t\t<div class=\"elementor-container elementor-column-gap-default\">\n\t\t\t\t\t\t\t<div class=\"elementor-row\">\n\t\t\t\t\t<div class=\"elementor-column elementor-col-100 elementor-top-column elementor-element elementor-element-1777000\" data-id=\"1777000\" data-element_type=\"column\">\n\t\t\t<div class=\"elementor-column-wrap elementor-element-populated\">\n\t\t\t\t\t\t\t<div class=\"elementor-widget-wrap\">\n\t\t\t\t\t\t<div class=\"elementor-element elementor-element-44f46b3 elementor-widget elementor-widget-heading\" data-id=\"44f46b3\" data-element_type=\"widget\" data-widget_type=\"heading.default\">\n\t\t\t\t<div class=\"elementor-widget-container\">\n\t\t\t<h1 class=\"elementor-heading-title elementor-size-default\">Impressum<\/h1>\t\t<\/div>\n\t\t\t\t<\/div>\n\t\t\t\t\t\t<\/div>\n\t\t\t\t\t<\/div>\n\t\t<\/div>\n\t\t\t\t\t\t\t\t<\/div>\n\t\t\t\t\t<\/div>\n\t\t<\/section>\n\t\t\t\t<section class=\"elementor-section elementor-top-section elementor-element elementor-element-a482aff elementor-section-boxed elementor-section-height-default elementor-section-height-default\" data-id=\"a482aff\" data-element_type=\"section\">\n\t\t\t\t\t\t<div class=\"elementor-container elementor-column-gap-default\">\n\t\t\t\t\t\t\t<div class=\"elementor-row\">\n\t\t\t\t\t<div class=\"elementor-column elementor-col-100 elementor-top-column elementor-element elementor-element-cad11bb\" data-id=\"cad11bb\" data-element_type=\"column\">\n\t\t\t<div class=\"elementor-column-wrap elementor-element-populated\">\n\t\t\t\t\t\t\t<div class=\"elementor-widget-wrap\">\n\t\t\t\t\t\t<div class=\"elementor-element elementor-element-bd3e446 elementor-widget elementor-widget-text-editor\" data-id=\"bd3e446\" data-element_type=\"widget\" data-widget_type=\"text-editor.default\">\n\t\t\t\t<div class=\"elementor-widget-container\">\n\t\t\t\t\t\t\t\t<div class=\"elementor-text-editor elementor-clearfix\">\n\t\t\t\t<p>F\u00fcr den Inhalt sind verantwortlich:<\/p>\n<p>NIKA Exclusive Herrenmode u. Accessoires GmbH<br>Gesch\u00e4ftsf\u00fchrerin: Fr. Veronika Jansen-Kojoukhina<br>Kurf\u00fcrstendamm 27,<br>10719 Berlin, Deutschland<\/p>\n<p>Telefon: +49 (30) 883 62 22<br>Email: info@nikamode.com<\/p>\n<p>St.Nummer: 27-456-31765<br>Amtsgericht Charlottenburg: HRB 64296<\/p>\t\t\t\t\t<\/div>\n\t\t\t\t\t\t<\/div>\n\t\t\t\t<\/div>\n\t\t\t\t\t\t<\/div>\n\t\t\t\t\t<\/div>\n\t\t<\/div>\n\t\t\t\t\t\t\t\t<\/div>\n\t\t\t\t\t<\/div>\n\t\t<\/section>\n\t\t\t\t\t\t<\/div>\n\t\t\t\t\t\t<\/div>\n\t\t\t\t\t<\/div>","protected":false},"excerpt":{"rendered":"<p>Impressum F\u00fcr den Inhalt sind verantwortlich: NIKA Exclusive Herrenmode u. Accessoires GmbHGesch\u00e4ftsf\u00fchrerin: Fr. Veronika Jansen-KojoukhinaKurf\u00fcrstendamm 27,10719 Berlin, Deutschland Telefon: +49 (30) 883 62 22Email: info@nikamode.com St.Nummer: 27-456-31765Amtsgericht Charlottenburg: HRB 64296<\/p>","protected":false},"author":3,"featured_media":0,"parent":0,"menu_order":0,"comment_status":"closed","ping_status":"closed","template":"elementor_header_footer","meta":[],"_links":{"self":[{"href":"https:\/\/nikamode.com\/ru\/wp-json\/wp\/v2\/pages\/717"}],"collection":[{"href":"https:\/\/nikamode.com\/ru\/wp-json\/wp\/v2\/pages"}],"about":[{"href":"https:\/\/nikamode.com\/ru\/wp-json\/wp\/v2\/types\/page"}],"author":[{"embeddable":true,"href":"https:\/\/nikamode.com\/ru\/wp-json\/wp\/v2\/users\/3"}],"replies":[{"embeddable":true,"href":"https:\/\/nikamode.com\/ru\/wp-json\/wp\/v2\/comments?post=717"}],"version-history":[{"count":24,"href":"https:\/\/nikamode.com\/ru\/wp-json\/wp\/v2\/pages\/717\/revisions"}],"predecessor-version":[{"id":782,"href":"https:\/\/nikamode.com\/ru\/wp-json\/wp\/v2\/pages\/717\/revisions\/782"}],"wp:attachment":[{"href":"https:\/\/nikamode.com\/ru\/wp-json\/wp\/v2\/media?parent=717"}],"curies":[{"name":"wp","href":"https:\/\/api.w.org\/{rel}","templated":true}]}}